{"id":4053,"date":"2024-10-04T12:55:44","date_gmt":"2024-10-04T10:55:44","guid":{"rendered":"https:\/\/web.msh-lse.fr\/p2s\/?page_id=4053"},"modified":"2024-10-29T15:41:25","modified_gmt":"2024-10-29T14:41:25","slug":"cope-ados","status":"publish","type":"page","link":"https:\/\/web.msh-lse.fr\/p2s\/cope-ados\/","title":{"rendered":"COPE ADOS"},"content":{"rendered":"\t\t<div data-elementor-type=\"wp-page\" data-elementor-id=\"4053\" class=\"elementor elementor-4053\" data-elementor-post-type=\"page\">\n\t\t\t\t\t\t<section class=\"elementor-section elementor-top-section elementor-element elementor-element-fc8d797 elementor-section-boxed elementor-section-height-default elementor-section-height-default\" data-id=\"fc8d797\" data-element_type=\"section\" data-e-type=\"section\" data-settings=\"{&quot;background_background&quot;:&quot;classic&quot;}\">\n\t\t\t\t\t\t<div class=\"elementor-container elementor-column-gap-default\">\n\t\t\t\t\t<div class=\"elementor-column elementor-col-100 elementor-top-column elementor-element elementor-element-06d3ee9\" data-id=\"06d3ee9\" data-element_type=\"column\" data-e-type=\"column\">\n\t\t\t<div class=\"elementor-widget-wrap\">\n\t\t\t\t\t\t\t<\/div>\n\t\t<\/div>\n\t\t\t\t\t<\/div>\n\t\t<\/section>\n\t\t\t\t<section class=\"elementor-section elementor-top-section elementor-element elementor-element-967f8db elementor-section-boxed elementor-section-height-default elementor-section-height-default\" data-id=\"967f8db\" data-element_type=\"section\" data-e-type=\"section\">\n\t\t\t\t\t\t<div class=\"elementor-container elementor-column-gap-default\">\n\t\t\t\t\t<div class=\"elementor-column elementor-col-100 elementor-top-column elementor-element elementor-element-2890acd\" data-id=\"2890acd\" data-element_type=\"column\" data-e-type=\"column\">\n\t\t\t<div class=\"elementor-widget-wrap elementor-element-populated\">\n\t\t\t\t\t\t<div class=\"elementor-element elementor-element-f4aaed0 elementor-widget elementor-widget-spacer\" data-id=\"f4aaed0\" data-element_type=\"widget\" data-e-type=\"widget\" data-widget_type=\"spacer.default\">\n\t\t\t\t<div class=\"elementor-widget-container\">\n\t\t\t\t\t\t\t<div class=\"elementor-spacer\">\n\t\t\t<div class=\"elementor-spacer-inner\"><\/div>\n\t\t<\/div>\n\t\t\t\t\t\t<\/div>\n\t\t\t\t<\/div>\n\t\t\t\t\t<\/div>\n\t\t<\/div>\n\t\t\t\t\t<\/div>\n\t\t<\/section>\n\t\t\t\t<section class=\"elementor-section elementor-top-section elementor-element elementor-element-c5a8112 elementor-section-boxed elementor-section-height-default elementor-section-height-default\" data-id=\"c5a8112\" data-element_type=\"section\" data-e-type=\"section\">\n\t\t\t\t\t\t<div class=\"elementor-container elementor-column-gap-default\">\n\t\t\t\t\t<div class=\"elementor-column elementor-col-100 elementor-top-column elementor-element elementor-element-ee8ab9e\" data-id=\"ee8ab9e\" data-element_type=\"column\" data-e-type=\"column\">\n\t\t\t<div class=\"elementor-widget-wrap elementor-element-populated\">\n\t\t\t\t\t\t<div class=\"elementor-element elementor-element-1c1abea elementor-widget elementor-widget-heading\" data-id=\"1c1abea\" data-element_type=\"widget\" data-e-type=\"widget\" data-widget_type=\"heading.default\">\n\t\t\t\t<div class=\"elementor-widget-container\">\n\t\t\t\t\t<h2 class=\"elementor-heading-title elementor-size-default\">COPE ADOS<\/h2>\t\t\t\t<\/div>\n\t\t\t\t<\/div>\n\t\t\t\t\t<\/div>\n\t\t<\/div>\n\t\t\t\t\t<\/div>\n\t\t<\/section>\n\t\t\t\t<section class=\"elementor-section elementor-top-section elementor-element elementor-element-e80cff8 elementor-section-boxed elementor-section-height-default elementor-section-height-default\" data-id=\"e80cff8\" data-element_type=\"section\" data-e-type=\"section\">\n\t\t\t\t\t\t<div class=\"elementor-container elementor-column-gap-default\">\n\t\t\t\t\t<div class=\"elementor-column elementor-col-100 elementor-top-column elementor-element elementor-element-dd4d493\" data-id=\"dd4d493\" data-element_type=\"column\" data-e-type=\"column\">\n\t\t\t<div class=\"elementor-widget-wrap elementor-element-populated\">\n\t\t\t\t\t\t<div class=\"elementor-element elementor-element-71bcc40 elementor-widget elementor-widget-text-editor\" data-id=\"71bcc40\" data-element_type=\"widget\" data-e-type=\"widget\" data-widget_type=\"text-editor.default\">\n\t\t\t\t<div class=\"elementor-widget-container\">\n\t\t\t\t\t\t\t\t\t<p><span style=\"color: #000080\"><strong><a style=\"color: #000080\" href=\"https:\/\/web.msh-lse.fr\/p2s\/personne\/regnier-veronique-2\/\" target=\"_blank\" rel=\"noopener\">V\u00e9ronique REGNIER<\/a><\/strong><\/span><\/p><p>Porteur\u00a0<br \/>Appel \u00e0 projets : recherche en Pr\u00e9vention 2020 de la Ligue National Contre le Cancer.<br \/>Montant du financement : 268 100 \u20ac<\/p><p style=\"text-align: justify\">Dans le cadre du troisi\u00e8me axe de la deuxi\u00e8me strat\u00e9gie nationale sur les perturbateurs endocriniens (SNPE 2) 2019-2022, le projet de recherche COPE ADOS\u00a0vise \u00e0 proposer un programme d&rsquo;\u00e9ducation et d&rsquo;information sur les perturbateurs endocriniens (PE) pour les adolescents en milieu scolaire.<\/p><p style=\"text-align: justify\">La premi\u00e8re phase du projet portait sur une \u00e9tude qualitative pr\u00e9liminaire (au travers de focus group) et a relev\u00e9 des m\u00e9connaissances globales au sujet des PE aupr\u00e8s de la population adolescente. \u00c0 partir des r\u00e9sultats obtenus, un consortium de chercheurs et d&rsquo;enseignants a \u00e9labor\u00e9 conjointement 14 outils p\u00e9dagogiques, mis \u00e0 disposition des enseignants sur une plateforme num\u00e9rique. Afin de pouvoir \u00e9valuer\u00a0l\u2019intervention p\u00e9dagogique,\u00a0un questionnaire de connaissances et de comp\u00e9tences \u00e0 destination des lyc\u00e9ens a \u00e9t\u00e9 \u00e9labor\u00e9, test\u00e9 et valid\u00e9 scientifiquement. En parall\u00e8le, une \u00e9valuation de processus a \u00e9t\u00e9 r\u00e9alis\u00e9e au travers d\u2019entretiens semi-directifs aupr\u00e8s des enseignants afin d\u2019obtenir des donn\u00e9es sur l&rsquo;acceptabilit\u00e9 du programme.\u00a0 Le projet COPE ADOS a eu un impact significatif sur les connaissances et les comp\u00e9tences des lyc\u00e9ens concernant les PE. Les outils p\u00e9dagogiques ont \u00e9t\u00e9 co-construits avec les enseignants, ce qui a facilit\u00e9 leur appropriation. Ces derniers ont effectu\u00e9 des s\u00e9ances portant sur les PE aupr\u00e8s de leurs \u00e9l\u00e8ves de mani\u00e8re autonome.\u00a0<\/p>\t\t\t\t\t\t\t\t<\/div>\n\t\t\t\t<\/div>\n\t\t\t\t\t<\/div>\n\t\t<\/div>\n\t\t\t\t\t<\/div>\n\t\t<\/section>\n\t\t\t\t<section class=\"elementor-section elementor-top-section elementor-element elementor-element-9ee7de9 elementor-section-boxed elementor-section-height-default elementor-section-height-default\" data-id=\"9ee7de9\" data-element_type=\"section\" data-e-type=\"section\">\n\t\t\t\t\t\t<div class=\"elementor-container elementor-column-gap-default\">\n\t\t\t\t\t<div class=\"elementor-column elementor-col-100 elementor-top-column elementor-element elementor-element-5b737ee\" data-id=\"5b737ee\" data-element_type=\"column\" data-e-type=\"column\">\n\t\t\t<div class=\"elementor-widget-wrap elementor-element-populated\">\n\t\t\t\t\t\t<div class=\"elementor-element elementor-element-2a41f1b elementor-align-right elementor-widget elementor-widget-button\" data-id=\"2a41f1b\" data-element_type=\"widget\" data-e-type=\"widget\" data-widget_type=\"button.default\">\n\t\t\t\t<div class=\"elementor-widget-container\">\n\t\t\t\t\t\t\t\t\t<div class=\"elementor-button-wrapper\">\n\t\t\t\t\t<a class=\"elementor-button elementor-button-link elementor-size-sm\" href=\"https:\/\/web.msh-lse.fr\/p2s\/projets-de-recherche\/\">\n\t\t\t\t\t\t<span class=\"elementor-button-content-wrapper\">\n\t\t\t\t\t\t\t\t\t<span class=\"elementor-button-text\">Tous les projets<\/span>\n\t\t\t\t\t<\/span>\n\t\t\t\t\t<\/a>\n\t\t\t\t<\/div>\n\t\t\t\t\t\t\t\t<\/div>\n\t\t\t\t<\/div>\n\t\t\t\t\t<\/div>\n\t\t<\/div>\n\t\t\t\t\t<\/div>\n\t\t<\/section>\n\t\t\t\t<\/div>\n\t\t","protected":false},"excerpt":{"rendered":"<p>COPE ADOS V\u00e9ronique REGNIER Porteur\u00a0Appel \u00e0 projets : recherche en Pr\u00e9vention 2020 de la Ligue National Contre le Cancer.Montant du financement : 268 100 \u20ac Dans le cadre du troisi\u00e8me axe de la deuxi\u00e8me strat\u00e9gie nationale sur les perturbateurs endocriniens (SNPE 2) 2019-2022, le projet de recherche COPE ADOS\u00a0vise \u00e0 proposer un programme d&rsquo;\u00e9ducation et&#8230;<\/p>\n","protected":false},"author":143,"featured_media":0,"parent":0,"menu_order":0,"comment_status":"closed","ping_status":"closed","template":"","meta":{"_kadence_starter_templates_imported_post":false,"_kad_post_transparent":"","_kad_post_title":"hide","_kad_post_layout":"fullwidth","_kad_post_sidebar_id":"","_kad_post_content_style":"unboxed","_kad_post_vertical_padding":"hide","_kad_post_feature":"hide","_kad_post_feature_position":"","_kad_post_header":false,"_kad_post_footer":false,"_kad_post_classname":"","footnotes":""},"class_list":["post-4053","page","type-page","status-publish","hentry"],"_links":{"self":[{"href":"https:\/\/web.msh-lse.fr\/p2s\/wp-json\/wp\/v2\/pages\/4053","targetHints":{"allow":["GET"]}}],"collection":[{"href":"https:\/\/web.msh-lse.fr\/p2s\/wp-json\/wp\/v2\/pages"}],"about":[{"href":"https:\/\/web.msh-lse.fr\/p2s\/wp-json\/wp\/v2\/types\/page"}],"author":[{"embeddable":true,"href":"https:\/\/web.msh-lse.fr\/p2s\/wp-json\/wp\/v2\/users\/143"}],"replies":[{"embeddable":true,"href":"https:\/\/web.msh-lse.fr\/p2s\/wp-json\/wp\/v2\/comments?post=4053"}],"version-history":[{"count":22,"href":"https:\/\/web.msh-lse.fr\/p2s\/wp-json\/wp\/v2\/pages\/4053\/revisions"}],"predecessor-version":[{"id":4688,"href":"https:\/\/web.msh-lse.fr\/p2s\/wp-json\/wp\/v2\/pages\/4053\/revisions\/4688"}],"wp:attachment":[{"href":"https:\/\/web.msh-lse.fr\/p2s\/wp-json\/wp\/v2\/media?parent=4053"}],"curies":[{"name":"wp","href":"https:\/\/api.w.org\/{rel}","templated":true}]}}