{"id":3788,"date":"2024-10-03T11:32:41","date_gmt":"2024-10-03T09:32:41","guid":{"rendered":"https:\/\/web.msh-lse.fr\/p2s\/?page_id=3788"},"modified":"2024-10-03T11:33:33","modified_gmt":"2024-10-03T09:33:33","slug":"theses-2","status":"publish","type":"page","link":"https:\/\/web.msh-lse.fr\/p2s\/en\/theses-2\/","title":{"rendered":"Theses"},"content":{"rendered":"\t\t<div data-elementor-type=\"wp-page\" data-elementor-id=\"3788\" class=\"elementor elementor-3788\" data-elementor-post-type=\"page\">\n\t\t\t\t\t\t<section class=\"elementor-section elementor-top-section elementor-element elementor-element-fc8d797 elementor-section-boxed elementor-section-height-default elementor-section-height-default\" data-id=\"fc8d797\" data-element_type=\"section\" data-e-type=\"section\" data-settings=\"{&quot;background_background&quot;:&quot;classic&quot;}\">\n\t\t\t\t\t\t<div class=\"elementor-container elementor-column-gap-default\">\n\t\t\t\t\t<div class=\"elementor-column elementor-col-100 elementor-top-column elementor-element elementor-element-06d3ee9\" data-id=\"06d3ee9\" data-element_type=\"column\" data-e-type=\"column\">\n\t\t\t<div class=\"elementor-widget-wrap\">\n\t\t\t\t\t\t\t<\/div>\n\t\t<\/div>\n\t\t\t\t\t<\/div>\n\t\t<\/section>\n\t\t\t\t<section class=\"elementor-section elementor-top-section elementor-element elementor-element-967f8db elementor-section-boxed elementor-section-height-default elementor-section-height-default\" data-id=\"967f8db\" data-element_type=\"section\" data-e-type=\"section\">\n\t\t\t\t\t\t<div class=\"elementor-container elementor-column-gap-default\">\n\t\t\t\t\t<div class=\"elementor-column elementor-col-100 elementor-top-column elementor-element elementor-element-2890acd\" data-id=\"2890acd\" data-element_type=\"column\" data-e-type=\"column\">\n\t\t\t<div class=\"elementor-widget-wrap elementor-element-populated\">\n\t\t\t\t\t\t<div class=\"elementor-element elementor-element-f4aaed0 elementor-widget elementor-widget-spacer\" data-id=\"f4aaed0\" data-element_type=\"widget\" data-e-type=\"widget\" data-widget_type=\"spacer.default\">\n\t\t\t\t<div class=\"elementor-widget-container\">\n\t\t\t\t\t\t\t<div class=\"elementor-spacer\">\n\t\t\t<div class=\"elementor-spacer-inner\"><\/div>\n\t\t<\/div>\n\t\t\t\t\t\t<\/div>\n\t\t\t\t<\/div>\n\t\t\t\t\t<\/div>\n\t\t<\/div>\n\t\t\t\t\t<\/div>\n\t\t<\/section>\n\t\t\t\t<section class=\"elementor-section elementor-top-section elementor-element elementor-element-c5a8112 elementor-section-boxed elementor-section-height-default elementor-section-height-default\" data-id=\"c5a8112\" data-element_type=\"section\" data-e-type=\"section\">\n\t\t\t\t\t\t<div class=\"elementor-container elementor-column-gap-default\">\n\t\t\t\t\t<div class=\"elementor-column elementor-col-100 elementor-top-column elementor-element elementor-element-ee8ab9e\" data-id=\"ee8ab9e\" data-element_type=\"column\" data-e-type=\"column\">\n\t\t\t<div class=\"elementor-widget-wrap elementor-element-populated\">\n\t\t\t\t\t\t<div class=\"elementor-element elementor-element-1c1abea elementor-widget elementor-widget-heading\" data-id=\"1c1abea\" data-element_type=\"widget\" data-e-type=\"widget\" data-widget_type=\"heading.default\">\n\t\t\t\t<div class=\"elementor-widget-container\">\n\t\t\t\t\t<h2 class=\"elementor-heading-title elementor-size-default\">Theses<\/h2>\t\t\t\t<\/div>\n\t\t\t\t<\/div>\n\t\t\t\t\t<\/div>\n\t\t<\/div>\n\t\t\t\t\t<\/div>\n\t\t<\/section>\n\t\t\t\t<section class=\"elementor-section elementor-top-section elementor-element elementor-element-f03fc1a elementor-section-boxed elementor-section-height-default elementor-section-height-default\" data-id=\"f03fc1a\" data-element_type=\"section\" data-e-type=\"section\">\n\t\t\t\t\t\t<div class=\"elementor-container elementor-column-gap-default\">\n\t\t\t\t\t<div class=\"elementor-column elementor-col-100 elementor-top-column elementor-element elementor-element-73e6e28\" data-id=\"73e6e28\" data-element_type=\"column\" data-e-type=\"column\">\n\t\t\t<div class=\"elementor-widget-wrap elementor-element-populated\">\n\t\t\t\t\t\t<div class=\"elementor-element elementor-element-86db5f8 elementor-widget elementor-widget-spacer\" data-id=\"86db5f8\" data-element_type=\"widget\" data-e-type=\"widget\" data-widget_type=\"spacer.default\">\n\t\t\t\t<div class=\"elementor-widget-container\">\n\t\t\t\t\t\t\t<div class=\"elementor-spacer\">\n\t\t\t<div class=\"elementor-spacer-inner\"><\/div>\n\t\t<\/div>\n\t\t\t\t\t\t<\/div>\n\t\t\t\t<\/div>\n\t\t\t\t\t<\/div>\n\t\t<\/div>\n\t\t\t\t\t<\/div>\n\t\t<\/section>\n\t\t\t\t<section class=\"elementor-section elementor-top-section elementor-element elementor-element-aecb048 elementor-section-boxed elementor-section-height-default elementor-section-height-default\" data-id=\"aecb048\" data-element_type=\"section\" data-e-type=\"section\">\n\t\t\t\t\t\t<div class=\"elementor-container elementor-column-gap-default\">\n\t\t\t\t\t<div class=\"elementor-column elementor-col-100 elementor-top-column elementor-element elementor-element-92da5fb\" data-id=\"92da5fb\" data-element_type=\"column\" data-e-type=\"column\">\n\t\t\t<div class=\"elementor-widget-wrap elementor-element-populated\">\n\t\t\t\t\t\t<div class=\"elementor-element elementor-element-17e1be1 elementor-widget elementor-widget-text-editor\" data-id=\"17e1be1\" data-element_type=\"widget\" data-e-type=\"widget\" data-widget_type=\"text-editor.default\">\n\t\t\t\t<div class=\"elementor-widget-container\">\n\t\t\t\t\t\t\t\t\t<p>.<\/p>\t\t\t\t\t\t\t\t<\/div>\n\t\t\t\t<\/div>\n\t\t\t\t\t<\/div>\n\t\t<\/div>\n\t\t\t\t\t<\/div>\n\t\t<\/section>\n\t\t\t\t<section class=\"elementor-section elementor-top-section elementor-element elementor-element-d0e0b04 elementor-section-boxed elementor-section-height-default elementor-section-height-default\" data-id=\"d0e0b04\" data-element_type=\"section\" data-e-type=\"section\">\n\t\t\t\t\t\t<div class=\"elementor-container elementor-column-gap-default\">\n\t\t\t\t\t<div class=\"elementor-column elementor-col-100 elementor-top-column elementor-element elementor-element-5fdf6b8\" data-id=\"5fdf6b8\" data-element_type=\"column\" data-e-type=\"column\">\n\t\t\t<div class=\"elementor-widget-wrap elementor-element-populated\">\n\t\t\t\t\t\t<div class=\"elementor-element elementor-element-1c90d57 elementor-widget elementor-widget-toggle\" data-id=\"1c90d57\" data-element_type=\"widget\" data-e-type=\"widget\" data-widget_type=\"toggle.default\">\n\t\t\t\t<div class=\"elementor-widget-container\">\n\t\t\t\t\t\t\t<div class=\"elementor-toggle\">\n\t\t\t\t\t\t\t<div class=\"elementor-toggle-item\">\n\t\t\t\t\t<div id=\"elementor-tab-title-2991\" class=\"elementor-tab-title\" data-tab=\"1\" role=\"button\" aria-controls=\"elementor-tab-content-2991\" aria-expanded=\"false\">\n\t\t\t\t\t\t\t\t\t\t\t\t<span class=\"elementor-toggle-icon elementor-toggle-icon-left\" aria-hidden=\"true\">\n\t\t\t\t\t\t\t\t\t\t\t\t\t\t\t<span class=\"elementor-toggle-icon-closed\"><svg class=\"e-font-icon-svg e-fas-caret-right\" viewBox=\"0 0 192 512\" xmlns=\"http:\/\/www.w3.org\/2000\/svg\"><path d=\"M0 384.662V127.338c0-17.818 21.543-26.741 34.142-14.142l128.662 128.662c7.81 7.81 7.81 20.474 0 28.284L34.142 398.804C21.543 411.404 0 402.48 0 384.662z\"><\/path><\/svg><\/span>\n\t\t\t\t\t\t\t\t<span class=\"elementor-toggle-icon-opened\"><svg class=\"elementor-toggle-icon-opened e-font-icon-svg e-fas-caret-up\" viewBox=\"0 0 320 512\" xmlns=\"http:\/\/www.w3.org\/2000\/svg\"><path d=\"M288.662 352H31.338c-17.818 0-26.741-21.543-14.142-34.142l128.662-128.662c7.81-7.81 20.474-7.81 28.284 0l128.662 128.662c12.6 12.599 3.676 34.142-14.142 34.142z\"><\/path><\/svg><\/span>\n\t\t\t\t\t\t\t\t\t\t\t\t\t<\/span>\n\t\t\t\t\t\t\t\t\t\t\t\t<a class=\"elementor-toggle-title\" tabindex=\"0\">2024<\/a>\n\t\t\t\t\t<\/div>\n\n\t\t\t\t\t<div id=\"elementor-tab-content-2991\" class=\"elementor-tab-content elementor-clearfix\" data-tab=\"1\" role=\"region\" aria-labelledby=\"elementor-tab-title-2991\"><p style=\"text-align: justify\"><strong>RIZKI RIANTININGTYAS Reisya<\/strong> Somesthesia in cancers patients : variability and influence on eating experience.<br \/><em><b><span style=\"color: #3366ff\">Directrice de th\u00e8se : <a href=\"https:\/\/web.msh-lse.fr\/p2s\/personne\/carrouel-florence\/\" target=\"_blank\" rel=\"noopener\">Florence CARROUEL<\/a> &#8211; co-encadrant Anestis DOUGKAS<\/span><\/b><\/em><b><i><span style=\"color: #3366ff\"><br \/><\/span><\/i><\/b><span style=\"color: blue\"><a href=\"https:\/\/web.msh-lse.fr\/p2s\/wp-content\/uploads\/sites\/33\/2024\/07\/Reisya-RIANTININGTYAS_These-finale_compressed.pdf\" target=\"_blank\" rel=\"noopener\"><span style=\"font-size: 10.0pt\">T\u00e9l\u00e9chargez le manuscrit<\/span><\/a><\/span><\/p><p style=\"text-align: justify\"><strong>BALOCHE Alexiane<\/strong> Improve and coordinate patient health pathway after acute episode of invasive bacterial disease, including Invasive Meningococcal Disease.<br \/><em><b><span style=\"color: #3366ff\">Directeur de th\u00e8se : <a href=\"https:\/\/web.msh-lse.fr\/p2s\/personne\/dussart-claude\/\" target=\"_blank\" rel=\"noopener\">Claude DUSSART<\/a> &#8211; co-encadrant <a href=\"https:\/\/web.msh-lse.fr\/p2s\/personne\/mick-gerard\/\" target=\"_blank\" rel=\"noopener\">G\u00e9rard MICK<\/a>\u00a0<\/span><\/b><\/em><b><i><span style=\"color: #3366ff\"><br \/><\/span><\/i><\/b><a href=\"https:\/\/web.msh-lse.fr\/p2s\/wp-content\/uploads\/sites\/33\/2024\/09\/Manuscrit_these_parcours_IIM_Alexiane-Baloche.pdf\" target=\"_blank\" rel=\"noopener\"><span style=\"font-size: 10.0pt\">T\u00e9l\u00e9chargez le manuscrit<\/span><\/a><\/p><p style=\"text-align: justify\"><strong><u>Th\u00e8ses en cours<\/u><\/strong><\/p><p style=\"text-align: justify\"><strong>DARLINGTON Adeline<\/strong> Les comp\u00e9tences psychosociales \u00e0 l\u2019\u00e9cole : enjeux et impact sur la motivation et le bien \u00eatre des \u00e9l\u00e8ves.<br \/><em><b><span style=\"color: #3366ff\">Directrice de th\u00e8se : <a href=\"https:\/\/web.msh-lse.fr\/p2s\/personne\/carrouel-florence\/\" target=\"_blank\" rel=\"noopener\">Florence CARROUEL\u00a0<\/a><\/span><\/b><\/em><\/p><p style=\"text-align: justify\"><strong>JOUBERT Dominique<\/strong>\u00a0 Inter-professionality and patient safety in the operating room: Bundle of care and infectious risk management.<br \/><em><b><span style=\"color: #3366ff\">Directeur de th\u00e8se : <a href=\"https:\/\/web.msh-lse.fr\/p2s\/personne\/dussart-claude\/\" target=\"_blank\" rel=\"noopener\">Claude DUSSART<\/a> &#8211; co-encadrante <a href=\"https:\/\/web.msh-lse.fr\/p2s\/personne\/regnier-veronique\/\" target=\"_blank\" rel=\"noopener\">Audrey RINGOT<\/a><\/span><\/b><\/em><\/p><p style=\"text-align: justify\"><strong>MBAREK Ayda<\/strong>\u00a0 Analyse d\u2019activit\u00e9 de formation exploitant la simulation et ses effets sur l\u2019apprentissage en sciences de la sant\u00e9\u00a0<br \/><em><b><span style=\"color: #3366ff\">Directeur de th\u00e8se : <a href=\"https:\/\/web.msh-lse.fr\/p2s\/personne\/dussart-claude\/\" target=\"_blank\" rel=\"noopener\">Claude DUSSART\u00a0<\/a><\/span><\/b><\/em><\/p><p style=\"text-align: justify\"><strong>MOLINA BELTRAN Eva Ester<\/strong>\u00a0 Mise en place et \u00e9valuation d\u2019un parcours de pr\u00e9-habilitation pour les patients ayant une chimioth\u00e9rapie p\u00e9ri-op\u00e9ratoire et cr\u00e9ation d\u2019une application de suivi bas\u00e9e sur les PROs.<br \/><em><b><span style=\"color: #3366ff\">Directeur de th\u00e8se : <a href=\"https:\/\/web.msh-lse.fr\/p2s\/personne\/dussart-claude\/\" target=\"_blank\" rel=\"noopener\">Claude DUSSART\u00a0\u00a0<\/a><\/span><\/b><\/em><\/p><p style=\"text-align: justify\"><strong>OLIVO Matt\u00e9o<\/strong>\u00a0 Conception d&#8217;instruments de musique num\u00e9riques, et de programmes p\u00e9dagogiques, pour le d\u00e9veloppement des comp\u00e9tences psychosociales des personnes en situation de handicap cognitif et mental.<br \/><em><b><span style=\"color: #3366ff\">Directrice de th\u00e8se :\u00a0 Emily DARLINGTON<\/span><\/b><\/em><\/p><p style=\"text-align: justify\"><strong>PIAZZON Nathalie<\/strong> Prise en charge par un infirmier en pratique avanc\u00e9e des patientes suivies pour un cancer du sein hormonosensible : quel impact sur le parcours de soins ?<br \/><em><b><span style=\"color: #3366ff\">Directrice de th\u00e8se : <a href=\"https:\/\/web.msh-lse.fr\/p2s\/personne\/carrouel-florence\/\" target=\"_blank\" rel=\"noopener\">Florence CARROUEL<\/a> &#8211; co-encadrante <\/span>\u00a0<a href=\"https:\/\/web.msh-lse.fr\/p2s\/personne\/verot-elise\/\" target=\"_blank\" rel=\"noopener\"><span style=\"color: #3366ff\">Elise VEROT<\/span><\/a><\/b><\/em><\/p><p style=\"text-align: justify\"><strong>SAILLARD Lucille<\/strong> Place du partenariat patient \u2013 aidant \u2013 soignant et exp\u00e9riences v\u00e9cues dans l&#8217;accompagnement en soins palliatifs en soins primaires.<br \/><em><b><span style=\"color: #3366ff\">Directrice de th\u00e8se : <a href=\"https:\/\/web.msh-lse.fr\/p2s\/personne\/moumjid-nora\/\" target=\"_blank\" rel=\"noopener\">Nora FERDJAOUI MOUMJID<\/a> &#8211; co-encadrant <a href=\"https:\/\/web.msh-lse.fr\/p2s\/personne\/carretier-julien\/\" target=\"_blank\" rel=\"noopener\">Julien CARRETIER\u00a0<\/a><\/span><\/b><\/em><\/p><p style=\"text-align: justify\"><strong>SALQUE Cor\u00e9lie<\/strong>\u00a0 Enjeux de l&#8217;\u00e9valuation de l&#8217;impl\u00e9mentation d&#8217;un programme complexe de pr\u00e9vention sant\u00e9 en milieu scolaire.<br \/><em><b><span style=\"color: #3366ff\">Directrice de th\u00e8se : Emily DARLINGTON<\/span><\/b><\/em><\/p><p style=\"text-align: justify\"><strong>du SARTZ de VIGNEULLES Benjamin<\/strong> Identification d\u2019un protocole de mod\u00e9lisation optimis\u00e9e de parcours en sant\u00e9.<br \/><em><b><span style=\"color: #3366ff\">Directrice de th\u00e8se : <a href=\"https:\/\/web.msh-lse.fr\/p2s\/personne\/carrouel-florence\/\" target=\"_blank\" rel=\"noopener\">Florence CARROUEL<\/a><\/span> &#8211; <span style=\"color: #3366ff\">co-encadrant <a href=\"https:\/\/web.msh-lse.fr\/p2s\/personne\/mick-gerard\/\" target=\"_blank\" rel=\"noopener\">G\u00e9rard MICK<\/a>\u00a0<\/span><\/b><\/em><\/p><p style=\"text-align: justify\"><strong>ZAIDI Anissa<\/strong>\u00a0 Migration et freins d\u2019acc\u00e8s aux soins \u00e0 la pr\u00e9vention<br \/><em><b><span style=\"color: #3366ff\">Directrice de th\u00e8se : Emily DARLINGTON<\/span><\/b><\/em><\/p><\/div>\n\t\t\t\t<\/div>\n\t\t\t\t\t\t\t<div class=\"elementor-toggle-item\">\n\t\t\t\t\t<div id=\"elementor-tab-title-2992\" class=\"elementor-tab-title\" data-tab=\"2\" role=\"button\" aria-controls=\"elementor-tab-content-2992\" aria-expanded=\"false\">\n\t\t\t\t\t\t\t\t\t\t\t\t<span class=\"elementor-toggle-icon elementor-toggle-icon-left\" aria-hidden=\"true\">\n\t\t\t\t\t\t\t\t\t\t\t\t\t\t\t<span class=\"elementor-toggle-icon-closed\"><svg class=\"e-font-icon-svg e-fas-caret-right\" viewBox=\"0 0 192 512\" xmlns=\"http:\/\/www.w3.org\/2000\/svg\"><path d=\"M0 384.662V127.338c0-17.818 21.543-26.741 34.142-14.142l128.662 128.662c7.81 7.81 7.81 20.474 0 28.284L34.142 398.804C21.543 411.404 0 402.48 0 384.662z\"><\/path><\/svg><\/span>\n\t\t\t\t\t\t\t\t<span class=\"elementor-toggle-icon-opened\"><svg class=\"elementor-toggle-icon-opened e-font-icon-svg e-fas-caret-up\" viewBox=\"0 0 320 512\" xmlns=\"http:\/\/www.w3.org\/2000\/svg\"><path d=\"M288.662 352H31.338c-17.818 0-26.741-21.543-14.142-34.142l128.662-128.662c7.81-7.81 20.474-7.81 28.284 0l128.662 128.662c12.6 12.599 3.676 34.142-14.142 34.142z\"><\/path><\/svg><\/span>\n\t\t\t\t\t\t\t\t\t\t\t\t\t<\/span>\n\t\t\t\t\t\t\t\t\t\t\t\t<a class=\"elementor-toggle-title\" tabindex=\"0\">2023<\/a>\n\t\t\t\t\t<\/div>\n\n\t\t\t\t\t<div id=\"elementor-tab-content-2992\" class=\"elementor-tab-content elementor-clearfix\" data-tab=\"2\" role=\"region\" aria-labelledby=\"elementor-tab-title-2992\"><p><strong>BRUEL S\u00e9bastien<\/strong> Vaccination HPV en m\u00e9decine g\u00e9n\u00e9rale : \u00e9l\u00e9ments d\u00e9cisionnels et comportementaux pour la pratique.<br \/><em><b><span style=\"color: #3366ff\">Directeur de th\u00e8se : Franck CHAUVIN <\/span><\/b><\/em><\/p><p><strong>GARE Jocelyne<\/strong> le biofilm inter dentaire des femmes enceintes en tant que r\u00f4le potentiel dans la pathog\u00e9nie des cons\u00e9quences p\u00e9rinatales<br \/><em><b><span style=\"color: #3366ff\">Directrice de th\u00e8se : <a href=\"https:\/\/web.msh-lse.fr\/p2s\/personne\/carrouel-florence\/\" target=\"_blank\" rel=\"noopener\">Florence CARROUEL<\/a><\/span><\/b><\/em><b><i><span style=\"color: #3366ff\"><br \/><\/span><\/i><\/b><a href=\"https:\/\/web.msh-lse.fr\/p2s\/wp-content\/uploads\/sites\/33\/2024\/07\/These-Jocelyne-GARE-Version-soumise2-1_compressed.pdf\" target=\"_blank\" rel=\"noopener\"><span style=\"font-size: 10.0pt\">T\u00e9l\u00e9chargez le manuscrit<\/span><\/a><\/p><p><strong>LAKRITZ Clara<\/strong> Contr\u00f4ler son alimentation\u00a0: Etude des repr\u00e9sentations alimentaires chez les sujets orthorexiques et souffrant de troubles du comportement alimentaire en France et au Canada.<br \/><em><b><span style=\"color: #3366ff\">Directrice de th\u00e8se : Agn\u00e8s GIBOREAU<br \/><\/span><\/b><\/em><a href=\"https:\/\/web.msh-lse.fr\/p2s\/wp-content\/uploads\/sites\/33\/2024\/09\/Final_Manuscrit_Lakritz_Clara-1.pdf\"><span style=\"font-size: 10.0pt\">T\u00e9l\u00e9chargez le manuscrit<\/span><\/a><\/p><p><strong>MONLEON BONET Clara<\/strong> Identifying the non-explicit factors influencing the deliberative HTA process and the resulting decisions across Europe.<br \/><em><b><span style=\"color: #3366ff\">Directeur de th\u00e8se : <a href=\"https:\/\/web.msh-lse.fr\/p2s\/personne\/spath-hans-martin\/\" target=\"_blank\" rel=\"noopener\">Hans SPATH<\/a><\/span><\/b><\/em><\/p><\/div>\n\t\t\t\t<\/div>\n\t\t\t\t\t\t\t<div class=\"elementor-toggle-item\">\n\t\t\t\t\t<div id=\"elementor-tab-title-2993\" class=\"elementor-tab-title\" data-tab=\"3\" role=\"button\" aria-controls=\"elementor-tab-content-2993\" aria-expanded=\"false\">\n\t\t\t\t\t\t\t\t\t\t\t\t<span class=\"elementor-toggle-icon elementor-toggle-icon-left\" aria-hidden=\"true\">\n\t\t\t\t\t\t\t\t\t\t\t\t\t\t\t<span class=\"elementor-toggle-icon-closed\"><svg class=\"e-font-icon-svg e-fas-caret-right\" viewBox=\"0 0 192 512\" xmlns=\"http:\/\/www.w3.org\/2000\/svg\"><path d=\"M0 384.662V127.338c0-17.818 21.543-26.741 34.142-14.142l128.662 128.662c7.81 7.81 7.81 20.474 0 28.284L34.142 398.804C21.543 411.404 0 402.48 0 384.662z\"><\/path><\/svg><\/span>\n\t\t\t\t\t\t\t\t<span class=\"elementor-toggle-icon-opened\"><svg class=\"elementor-toggle-icon-opened e-font-icon-svg e-fas-caret-up\" viewBox=\"0 0 320 512\" xmlns=\"http:\/\/www.w3.org\/2000\/svg\"><path d=\"M288.662 352H31.338c-17.818 0-26.741-21.543-14.142-34.142l128.662-128.662c7.81-7.81 20.474-7.81 28.284 0l128.662 128.662c12.6 12.599 3.676 34.142-14.142 34.142z\"><\/path><\/svg><\/span>\n\t\t\t\t\t\t\t\t\t\t\t\t\t<\/span>\n\t\t\t\t\t\t\t\t\t\t\t\t<a class=\"elementor-toggle-title\" tabindex=\"0\">2022<\/a>\n\t\t\t\t\t<\/div>\n\n\t\t\t\t\t<div id=\"elementor-tab-content-2993\" class=\"elementor-tab-content elementor-clearfix\" data-tab=\"3\" role=\"region\" aria-labelledby=\"elementor-tab-title-2993\"><p><strong>BENY Karen<\/strong> Parcours de sant\u00e9 du patient h\u00e9mophile et \u00e9valuation de l\u2019impact organisationnel d\u2019une innovation<br \/><em><b><span style=\"color: #3366ff\">Directeur de th\u00e8se : <a href=\"https:\/\/web.msh-lse.fr\/p2s\/personne\/dussart-claude\/\" target=\"_blank\" rel=\"noopener\">Claude DUSSART<\/a><\/span><\/b><\/em><\/p><p><strong>MARTINON Prescilla<\/strong> Pr\u00e9vention primaire des maladies chroniques : Analyse des innovations pour vieillir en bonne sant\u00e9<br \/><strong><em><span style=\"font-family: arial, helvetica, sans-serif\"><span style=\"color: #3366ff\">Directrice de th\u00e8se : <a href=\"https:\/\/web.msh-lse.fr\/p2s\/personne\/carrouel-florence\/\" target=\"_blank\" rel=\"noopener\">Florence CARROUEL<\/a> &#8211; Co-encadrante <a href=\"https:\/\/web.msh-lse.fr\/p2s\/personne\/fraticelli-laurie\/\" target=\"_blank\" rel=\"noopener\">Laurie FRATICELLI<\/a><\/span><\/span><\/em><\/strong><\/p><p><strong>TAGHY Najwa<\/strong> Parcours des patients et polym\u00e9dication en m\u00e9decine ambulatoire<br \/><em><b><span style=\"color: #3366ff\">Directeur de th\u00e8se : <a href=\"https:\/\/web.msh-lse.fr\/p2s\/personne\/dussart-claude\/\" target=\"_blank\" rel=\"noopener\">Claude DUSSART<\/a><\/span><\/b><\/em><\/p><p><strong>YAILIAN Anne-Laure<\/strong> Parcours de soins du patient atteint de rhumatisme inflammatoire chronique : optimisation de la prise en charge th\u00e9rapeutique en ville et \u00e0 l\u2019h\u00f4pital<br \/><em><b><span style=\"color: #3366ff\">Directeur de th\u00e8se : Humbert de FREMINVILLE &#8211; Co-encadrante <a href=\"https:\/\/web.msh-lse.fr\/p2s\/personne\/janoly-dumenil-audrey\/\" target=\"_blank\" rel=\"noopener\">Audrey JANOLY-DUMENIL<\/a><\/span><\/b><\/em><\/p><\/div>\n\t\t\t\t<\/div>\n\t\t\t\t\t\t\t<div class=\"elementor-toggle-item\">\n\t\t\t\t\t<div id=\"elementor-tab-title-2994\" class=\"elementor-tab-title\" data-tab=\"4\" role=\"button\" aria-controls=\"elementor-tab-content-2994\" aria-expanded=\"false\">\n\t\t\t\t\t\t\t\t\t\t\t\t<span class=\"elementor-toggle-icon elementor-toggle-icon-left\" aria-hidden=\"true\">\n\t\t\t\t\t\t\t\t\t\t\t\t\t\t\t<span class=\"elementor-toggle-icon-closed\"><svg class=\"e-font-icon-svg e-fas-caret-right\" viewBox=\"0 0 192 512\" xmlns=\"http:\/\/www.w3.org\/2000\/svg\"><path d=\"M0 384.662V127.338c0-17.818 21.543-26.741 34.142-14.142l128.662 128.662c7.81 7.81 7.81 20.474 0 28.284L34.142 398.804C21.543 411.404 0 402.48 0 384.662z\"><\/path><\/svg><\/span>\n\t\t\t\t\t\t\t\t<span class=\"elementor-toggle-icon-opened\"><svg class=\"elementor-toggle-icon-opened e-font-icon-svg e-fas-caret-up\" viewBox=\"0 0 320 512\" xmlns=\"http:\/\/www.w3.org\/2000\/svg\"><path d=\"M288.662 352H31.338c-17.818 0-26.741-21.543-14.142-34.142l128.662-128.662c7.81-7.81 20.474-7.81 28.284 0l128.662 128.662c12.6 12.599 3.676 34.142-14.142 34.142z\"><\/path><\/svg><\/span>\n\t\t\t\t\t\t\t\t\t\t\t\t\t<\/span>\n\t\t\t\t\t\t\t\t\t\t\t\t<a class=\"elementor-toggle-title\" tabindex=\"0\">2020<\/a>\n\t\t\t\t\t<\/div>\n\n\t\t\t\t\t<div id=\"elementor-tab-content-2994\" class=\"elementor-tab-content elementor-clearfix\" data-tab=\"4\" role=\"region\" aria-labelledby=\"elementor-tab-title-2994\"><p><strong>HOEGY Delphine<\/strong> L\u2019adh\u00e9sion th\u00e9rapeutique en h\u00e9matologie p\u00e9diatrique : apport de l\u2019\u00e9tude qualitative des repr\u00e9sentations des patients, de leurs aidants et professionnels de sant\u00e9 dans la compr\u00e9hension du comportement d\u2019adh\u00e9sion et dans la proposition d\u2019interventions lors des transitions du parcours de soins.<br \/><em><b><span style=\"color: #3366ff\">Directeur de th\u00e8se : Claude DUSSART &#8211; Co-encadrant : Audrey JANOLY-DUMENIL<\/span><\/b><\/em><\/p><p><strong><span style=\"color: black\">INQIMBERT Camille<\/span><\/strong> L&#8217;effet du passage des brossettes interdentaires sur le microbiote des adolescents en fonction du risque carieux<br \/><em><span style=\"font-family: arial, helvetica, sans-serif\"><b><span style=\"color: #3366ff\"><span style=\"color: #3366ff\">Directrice de th\u00e8se : Florence CARROUEL<\/span><\/span><\/b><\/span><\/em><i><\/i><b><i><span style=\"font-family: 'var(--global-body-font-family)','serif';color: #3366ff\"><em><span style=\"color: #3366ff\"><br \/><\/span><\/em><\/span><\/i><\/b><a href=\"https:\/\/web.msh-lse.fr\/p2s\/wp-content\/uploads\/sites\/33\/2024\/07\/These-Camille-INQUIMBERT.pdf\" target=\"_blank\" rel=\"noopener\"><span style=\"font-size: 10.0pt\">T\u00e9l\u00e9chargez le manuscrit<\/span><\/a><\/p><p><strong>MASSEY Camille<\/strong> Impact de la contrainte de temps sur le choix alimentaire en\u00a0\u00a0\u00a0\u00a0 contexte professionnel.<br \/><em><span style=\"font-family: arial, helvetica, sans-serif\"><strong><span style=\"color: #3366ff\">Directrice de th\u00e8se : <\/span><\/strong><b><span style=\"color: #3366ff\">Agn\u00e8s GIBOREAU<\/span><\/b><\/span><\/em><\/p><p><strong>SALIASI Ina<\/strong> Effets du dentifrice Gencix, utilis\u00e9 dans des conditions d&#8217;hygi\u00e8ne bucco-dentaire normales, sur la r\u00e9duction du saignement gingival chez des sujets sains \u00e2g\u00e9s de 18 \u00e0 25 ans.<br \/><em><span style=\"font-family: arial, helvetica, sans-serif\"><strong><span style=\"color: #3366ff\">Directrice de th\u00e8se :\u00a0Florence CARROUEL<\/span><\/strong><\/span><\/em><b><i><span style=\"font-family: 'var(--global-body-font-family)','serif';color: #3366ff\"><br \/><\/span><\/i><\/b><a href=\"https:\/\/web.msh-lse.fr\/p2s\/wp-content\/uploads\/sites\/33\/2024\/07\/These-Ina-Saliasi-05.07.20-1_compressed.pdf\" target=\"_blank\" rel=\"noopener\"><span style=\"font-size: 10.0pt\">T\u00e9l\u00e9chargez le manuscrit<\/span><\/a><\/p><\/div>\n\t\t\t\t<\/div>\n\t\t\t\t\t\t\t\t<\/div>\n\t\t\t\t\t\t<\/div>\n\t\t\t\t<\/div>\n\t\t\t\t\t<\/div>\n\t\t<\/div>\n\t\t\t\t\t<\/div>\n\t\t<\/section>\n\t\t\t\t<\/div>\n\t\t","protected":false},"excerpt":{"rendered":"<p>Theses . 2024 RIZKI RIANTININGTYAS Reisya Somesthesia in cancers patients : variability and influence on eating experience.Directrice de th\u00e8se : Florence CARROUEL &#8211; co-encadrant Anestis DOUGKAST\u00e9l\u00e9chargez le manuscrit BALOCHE Alexiane Improve and coordinate patient health pathway after acute episode of invasive bacterial disease, including Invasive Meningococcal Disease.Directeur de th\u00e8se : Claude DUSSART &#8211; co-encadrant G\u00e9rard&#8230;<\/p>\n","protected":false},"author":23,"featured_media":0,"parent":0,"menu_order":0,"comment_status":"closed","ping_status":"closed","template":"","meta":{"_kadence_starter_templates_imported_post":false,"_kad_post_transparent":"","_kad_post_title":"hide","_kad_post_layout":"fullwidth","_kad_post_sidebar_id":"","_kad_post_content_style":"unboxed","_kad_post_vertical_padding":"hide","_kad_post_feature":"hide","_kad_post_feature_position":"","_kad_post_header":false,"_kad_post_footer":false,"_kad_post_classname":"","footnotes":""},"class_list":["post-3788","page","type-page","status-publish","hentry"],"_links":{"self":[{"href":"https:\/\/web.msh-lse.fr\/p2s\/wp-json\/wp\/v2\/pages\/3788","targetHints":{"allow":["GET"]}}],"collection":[{"href":"https:\/\/web.msh-lse.fr\/p2s\/wp-json\/wp\/v2\/pages"}],"about":[{"href":"https:\/\/web.msh-lse.fr\/p2s\/wp-json\/wp\/v2\/types\/page"}],"author":[{"embeddable":true,"href":"https:\/\/web.msh-lse.fr\/p2s\/wp-json\/wp\/v2\/users\/23"}],"replies":[{"embeddable":true,"href":"https:\/\/web.msh-lse.fr\/p2s\/wp-json\/wp\/v2\/comments?post=3788"}],"version-history":[{"count":4,"href":"https:\/\/web.msh-lse.fr\/p2s\/wp-json\/wp\/v2\/pages\/3788\/revisions"}],"predecessor-version":[{"id":3793,"href":"https:\/\/web.msh-lse.fr\/p2s\/wp-json\/wp\/v2\/pages\/3788\/revisions\/3793"}],"wp:attachment":[{"href":"https:\/\/web.msh-lse.fr\/p2s\/wp-json\/wp\/v2\/media?parent=3788"}],"curies":[{"name":"wp","href":"https:\/\/api.w.org\/{rel}","templated":true}]}}