{"id":190,"date":"2024-03-28T10:23:46","date_gmt":"2024-03-28T09:23:46","guid":{"rendered":"https:\/\/web.msh-lse.fr\/p2s\/?page_id=190"},"modified":"2024-09-12T13:06:19","modified_gmt":"2024-09-12T11:06:19","slug":"organisation-du-laboratoire","status":"publish","type":"page","link":"https:\/\/web.msh-lse.fr\/p2s\/organisation-du-laboratoire\/","title":{"rendered":"Organisation du laboratoire"},"content":{"rendered":"\t\t<div data-elementor-type=\"wp-page\" data-elementor-id=\"190\" class=\"elementor elementor-190\" data-elementor-post-type=\"page\">\n\t\t\t\t\t\t<section class=\"elementor-section elementor-top-section elementor-element elementor-element-fc8d797 elementor-section-boxed elementor-section-height-default elementor-section-height-default\" data-id=\"fc8d797\" data-element_type=\"section\" data-e-type=\"section\" data-settings=\"{&quot;background_background&quot;:&quot;classic&quot;}\">\n\t\t\t\t\t\t<div class=\"elementor-container elementor-column-gap-default\">\n\t\t\t\t\t<div class=\"elementor-column elementor-col-100 elementor-top-column elementor-element elementor-element-06d3ee9\" data-id=\"06d3ee9\" data-element_type=\"column\" data-e-type=\"column\">\n\t\t\t<div class=\"elementor-widget-wrap\">\n\t\t\t\t\t\t\t<\/div>\n\t\t<\/div>\n\t\t\t\t\t<\/div>\n\t\t<\/section>\n\t\t\t\t<section class=\"elementor-section elementor-top-section elementor-element elementor-element-967f8db elementor-section-boxed elementor-section-height-default elementor-section-height-default\" data-id=\"967f8db\" data-element_type=\"section\" data-e-type=\"section\">\n\t\t\t\t\t\t<div class=\"elementor-container elementor-column-gap-default\">\n\t\t\t\t\t<div class=\"elementor-column elementor-col-100 elementor-top-column elementor-element elementor-element-2890acd\" data-id=\"2890acd\" data-element_type=\"column\" data-e-type=\"column\">\n\t\t\t<div class=\"elementor-widget-wrap elementor-element-populated\">\n\t\t\t\t\t\t<div class=\"elementor-element elementor-element-f4aaed0 elementor-widget elementor-widget-spacer\" data-id=\"f4aaed0\" data-element_type=\"widget\" data-e-type=\"widget\" data-widget_type=\"spacer.default\">\n\t\t\t\t<div class=\"elementor-widget-container\">\n\t\t\t\t\t\t\t<div class=\"elementor-spacer\">\n\t\t\t<div class=\"elementor-spacer-inner\"><\/div>\n\t\t<\/div>\n\t\t\t\t\t\t<\/div>\n\t\t\t\t<\/div>\n\t\t\t\t\t<\/div>\n\t\t<\/div>\n\t\t\t\t\t<\/div>\n\t\t<\/section>\n\t\t\t\t<section class=\"elementor-section elementor-top-section elementor-element elementor-element-c5a8112 elementor-section-boxed elementor-section-height-default elementor-section-height-default\" data-id=\"c5a8112\" data-element_type=\"section\" data-e-type=\"section\">\n\t\t\t\t\t\t<div class=\"elementor-container elementor-column-gap-default\">\n\t\t\t\t\t<div class=\"elementor-column elementor-col-100 elementor-top-column elementor-element elementor-element-ee8ab9e\" data-id=\"ee8ab9e\" data-element_type=\"column\" data-e-type=\"column\">\n\t\t\t<div class=\"elementor-widget-wrap elementor-element-populated\">\n\t\t\t\t\t\t<div class=\"elementor-element elementor-element-1c1abea elementor-widget elementor-widget-heading\" data-id=\"1c1abea\" data-element_type=\"widget\" data-e-type=\"widget\" data-widget_type=\"heading.default\">\n\t\t\t\t<div class=\"elementor-widget-container\">\n\t\t\t\t\t<h2 class=\"elementor-heading-title elementor-size-default\">Organisation du laboratoire<\/h2>\t\t\t\t<\/div>\n\t\t\t\t<\/div>\n\t\t\t\t\t<\/div>\n\t\t<\/div>\n\t\t\t\t\t<\/div>\n\t\t<\/section>\n\t\t\t\t<section class=\"elementor-section elementor-top-section elementor-element elementor-element-f03fc1a elementor-section-boxed elementor-section-height-default elementor-section-height-default\" data-id=\"f03fc1a\" data-element_type=\"section\" data-e-type=\"section\">\n\t\t\t\t\t\t<div class=\"elementor-container elementor-column-gap-default\">\n\t\t\t\t\t<div class=\"elementor-column elementor-col-100 elementor-top-column elementor-element elementor-element-73e6e28\" data-id=\"73e6e28\" data-element_type=\"column\" data-e-type=\"column\">\n\t\t\t<div class=\"elementor-widget-wrap elementor-element-populated\">\n\t\t\t\t\t\t<div class=\"elementor-element elementor-element-86db5f8 elementor-widget elementor-widget-spacer\" data-id=\"86db5f8\" data-element_type=\"widget\" data-e-type=\"widget\" data-widget_type=\"spacer.default\">\n\t\t\t\t<div class=\"elementor-widget-container\">\n\t\t\t\t\t\t\t<div class=\"elementor-spacer\">\n\t\t\t<div class=\"elementor-spacer-inner\"><\/div>\n\t\t<\/div>\n\t\t\t\t\t\t<\/div>\n\t\t\t\t<\/div>\n\t\t\t\t\t<\/div>\n\t\t<\/div>\n\t\t\t\t\t<\/div>\n\t\t<\/section>\n\t\t\t\t<section class=\"elementor-section elementor-top-section elementor-element elementor-element-aecb048 elementor-section-boxed elementor-section-height-default elementor-section-height-default\" data-id=\"aecb048\" data-element_type=\"section\" data-e-type=\"section\">\n\t\t\t\t\t\t<div class=\"elementor-container elementor-column-gap-default\">\n\t\t\t\t\t<div class=\"elementor-column elementor-col-100 elementor-top-column elementor-element elementor-element-92da5fb\" data-id=\"92da5fb\" data-element_type=\"column\" data-e-type=\"column\">\n\t\t\t<div class=\"elementor-widget-wrap elementor-element-populated\">\n\t\t\t\t\t\t<div class=\"elementor-element elementor-element-17e1be1 elementor-widget elementor-widget-text-editor\" data-id=\"17e1be1\" data-element_type=\"widget\" data-e-type=\"widget\" data-widget_type=\"text-editor.default\">\n\t\t\t\t<div class=\"elementor-widget-container\">\n\t\t\t\t\t\t\t\t\t<p style=\"text-align: justify\">Le laboratoire&nbsp;<strong>Parcours Sant\u00e9 Syst\u00e9mique (P2S)<\/strong>, se situe sur le Domaine de la Buire, B\u00e2timent B La\u00ebnnec, au 3\u00e8me \u00e9tage.<\/p>\n<p>Directeur : <a href=\"https:\/\/web.msh-lse.fr\/p2s\/personne\/dussart-claude\/\" target=\"_blank\" rel=\"noopener\">Professeur Claude DUSSART<\/a><\/p>\n<p>Directrice adjointe : <a href=\"https:\/\/web.msh-lse.fr\/p2s\/personne\/carrouel-florence\/\" target=\"_blank\" rel=\"noopener\">Professeur Florence CARROUEL<\/a><\/p>\n<p><span style=\"background-color: transparent;color: var(--global-palette4);font-family: var(--global-body-font-family)\">Le laboratoire P2S est compos\u00e9 de 59 membres :<br><\/span><\/p>\n<ul>\n<li>16 membres titulaires &#8211; Universit\u00e9 Claude Bernard Lyon 1<\/li>\n<li style=\"text-align: justify\">6 titulaires &#8211; Universit\u00e9 Jean Monnet, Saint Etienne<\/li>\n<li style=\"text-align: justify\">3 professeurs \u00e9m\u00e9rites<\/li>\n<li style=\"text-align: justify\">20 chercheurs associ\u00e9s<\/li>\n<li style=\"text-align: justify\">11 doctorants<\/li>\n<li style=\"text-align: justify\">2 patients partenaires<\/li>\n<li style=\"text-align: justify\">1 coordinatrice<\/li>\n<\/ul>\n<p style=\"text-align: justify\">20 membres du laboratoire disposent de l\u2019HDR, 12 CNU sont repr\u00e9sent\u00e9s, gage de l\u2019interdisciplinarit\u00e9 et de la volont\u00e9 d\u2019une vision syst\u00e9mique des travaux de recherche port\u00e9s par le laboratoire.<\/p>\t\t\t\t\t\t\t\t<\/div>\n\t\t\t\t<\/div>\n\t\t\t\t\t<\/div>\n\t\t<\/div>\n\t\t\t\t\t<\/div>\n\t\t<\/section>\n\t\t\t\t<section class=\"elementor-section elementor-top-section elementor-element elementor-element-485a28d elementor-section-boxed elementor-section-height-default elementor-section-height-default\" data-id=\"485a28d\" data-element_type=\"section\" data-e-type=\"section\">\n\t\t\t\t\t\t<div class=\"elementor-container elementor-column-gap-default\">\n\t\t\t\t\t<div class=\"elementor-column elementor-col-100 elementor-top-column elementor-element elementor-element-b86ecf7\" data-id=\"b86ecf7\" data-element_type=\"column\" data-e-type=\"column\">\n\t\t\t<div class=\"elementor-widget-wrap elementor-element-populated\">\n\t\t\t\t\t\t<div class=\"elementor-element elementor-element-ed919ed elementor-widget__width-initial elementor-widget elementor-widget-image\" data-id=\"ed919ed\" data-element_type=\"widget\" data-e-type=\"widget\" data-widget_type=\"image.default\">\n\t\t\t\t<div class=\"elementor-widget-container\">\n\t\t\t\t\t\t\t\t\t\t\t\t\t\t\t<img fetchpriority=\"high\" decoding=\"async\" width=\"947\" height=\"533\" src=\"https:\/\/web.msh-lse.fr\/p2s\/wp-content\/uploads\/sites\/33\/2024\/06\/CNU.jpg\" class=\"attachment-large size-large wp-image-1149\" alt=\"\" srcset=\"https:\/\/web.msh-lse.fr\/p2s\/wp-content\/uploads\/sites\/33\/2024\/06\/CNU.jpg 947w, https:\/\/web.msh-lse.fr\/p2s\/wp-content\/uploads\/sites\/33\/2024\/06\/CNU-300x169.jpg 300w, https:\/\/web.msh-lse.fr\/p2s\/wp-content\/uploads\/sites\/33\/2024\/06\/CNU-768x432.jpg 768w\" sizes=\"(max-width: 947px) 100vw, 947px\" \/>\t\t\t\t\t\t\t\t\t\t\t\t\t\t\t<\/div>\n\t\t\t\t<\/div>\n\t\t\t\t\t<\/div>\n\t\t<\/div>\n\t\t\t\t\t<\/div>\n\t\t<\/section>\n\t\t\t\t<section class=\"elementor-section elementor-top-section elementor-element elementor-element-040663c elementor-section-boxed elementor-section-height-default elementor-section-height-default\" data-id=\"040663c\" data-element_type=\"section\" data-e-type=\"section\">\n\t\t\t\t\t\t<div class=\"elementor-container elementor-column-gap-default\">\n\t\t\t\t\t<div class=\"elementor-column elementor-col-100 elementor-top-column elementor-element elementor-element-cdf9411\" data-id=\"cdf9411\" data-element_type=\"column\" data-e-type=\"column\">\n\t\t\t<div class=\"elementor-widget-wrap elementor-element-populated\">\n\t\t\t\t\t\t\t<\/div>\n\t\t<\/div>\n\t\t\t\t\t<\/div>\n\t\t<\/section>\n\t\t\t\t<\/div>\n\t\t","protected":false},"excerpt":{"rendered":"<p>Organisation du laboratoire Le laboratoire&nbsp;Parcours Sant\u00e9 Syst\u00e9mique (P2S), se situe sur le Domaine de la Buire, B\u00e2timent B La\u00ebnnec, au 3\u00e8me \u00e9tage. Directeur : Professeur Claude DUSSART Directrice adjointe : Professeur Florence CARROUEL Le laboratoire P2S est compos\u00e9 de 59 membres : 16 membres titulaires &#8211; Universit\u00e9 Claude Bernard Lyon 1 6 titulaires &#8211; Universit\u00e9&#8230;<\/p>\n","protected":false},"author":23,"featured_media":0,"parent":0,"menu_order":0,"comment_status":"closed","ping_status":"closed","template":"","meta":{"_kadence_starter_templates_imported_post":false,"_kad_post_transparent":"","_kad_post_title":"hide","_kad_post_layout":"fullwidth","_kad_post_sidebar_id":"","_kad_post_content_style":"unboxed","_kad_post_vertical_padding":"hide","_kad_post_feature":"hide","_kad_post_feature_position":"","_kad_post_header":false,"_kad_post_footer":false,"_kad_post_classname":"","footnotes":""},"class_list":["post-190","page","type-page","status-publish","hentry"],"_links":{"self":[{"href":"https:\/\/web.msh-lse.fr\/p2s\/wp-json\/wp\/v2\/pages\/190","targetHints":{"allow":["GET"]}}],"collection":[{"href":"https:\/\/web.msh-lse.fr\/p2s\/wp-json\/wp\/v2\/pages"}],"about":[{"href":"https:\/\/web.msh-lse.fr\/p2s\/wp-json\/wp\/v2\/types\/page"}],"author":[{"embeddable":true,"href":"https:\/\/web.msh-lse.fr\/p2s\/wp-json\/wp\/v2\/users\/23"}],"replies":[{"embeddable":true,"href":"https:\/\/web.msh-lse.fr\/p2s\/wp-json\/wp\/v2\/comments?post=190"}],"version-history":[{"count":50,"href":"https:\/\/web.msh-lse.fr\/p2s\/wp-json\/wp\/v2\/pages\/190\/revisions"}],"predecessor-version":[{"id":3127,"href":"https:\/\/web.msh-lse.fr\/p2s\/wp-json\/wp\/v2\/pages\/190\/revisions\/3127"}],"wp:attachment":[{"href":"https:\/\/web.msh-lse.fr\/p2s\/wp-json\/wp\/v2\/media?parent=190"}],"curies":[{"name":"wp","href":"https:\/\/api.w.org\/{rel}","templated":true}]}}